{"id":987504617,"date":"2025-05-24T08:41:01","date_gmt":"2025-05-24T06:41:01","guid":{"rendered":"https:\/\/staging.campingplatz-hetzingen.de\/faire-du-shopping\/"},"modified":"2026-05-14T15:56:14","modified_gmt":"2026-05-14T13:56:14","slug":"faire-du-shopping","status":"publish","type":"page","link":"https:\/\/staging.campingplatz-hetzingen.de\/fr\/faire-du-shopping\/","title":{"rendered":"Faire du shopping"},"content":{"rendered":"\n<div class=\"et_pb_section_0 et_pb_section et_pb_fullwidth_section et_section_regular et_block_section sfly_interior sfly_interior_hero_1\"><section class=\"et_pb_fullwidth_header_0 et_pb_fullwidth_header et_pb_bg_layout_dark et_pb_text_align_center et_pb_module et_flex_module sfly_fullwidth_header\"><div class=\"et_pb_fullwidth_header_container center\"><div class=\"header-content-container center\"><div class=\"header-content et_flex_module\"><h1 class=\"et_pb_module_header\">Faire du shopping \u00e0 Nideggen<\/h1><div class=\"et_pb_header_content_wrapper\"><p>Possibilit\u00e9s de shopping \u00e0 Nideggen et dans les environs<\/p>\n<\/div><div class=\"et_pb_header_button_wrapper\"><\/div><\/div><\/div><\/div><div class=\"et_pb_fullwidth_header_overlay\"><\/div><div class=\"et_pb_fullwidth_header_scroll\"><\/div><\/section><\/div><div class=\"et_pb_section_1 et_pb_section et_section_regular et_block_section\"><div class=\"et_pb_row_0 et_pb_row et_block_row\"><div class=\"et_pb_column_0 et_pb_column et_pb_column_1_3 et_block_column et_pb_css_mix_blend_mode_passthrough\"><div class=\"et_pb_text_0 et_pb_text et_pb_bg_layout_light et_pb_module et_block_module\"><div class=\"et_pb_text_inner\"><h2>Faire du shopping pr\u00e8s du camping<\/h2>\n<\/div><\/div><div class=\"et_pb_text_1 et_pb_text et_pb_bg_layout_light et_pb_module et_block_module\"><div class=\"et_pb_text_inner\"><p>Tu trouveras ici quelques exemples de possibilit\u00e9s de shopping \u00e0 <a href=\"https:\/\/nideggen.de\" target=\"_blank\" rel=\"noopener\">Nideggen<\/a>.<\/p>\n<p><span><strong>Remarque :<\/strong> Il est pr\u00e9f\u00e9rable de faire tes courses d\u00e8s ton arriv\u00e9e en raison de la diff\u00e9rence d'altitude entre Br\u00fcck et Nideggen.<\/span><\/p>\n<\/div><\/div><\/div><div class=\"et_pb_column_1 et_pb_column et_pb_column_1_3 et_block_column et_pb_css_mix_blend_mode_passthrough\"><div class=\"et_pb_text_2 et_pb_text et_pb_bg_layout_light et_pb_module et_block_module\"><div class=\"et_pb_text_inner\"><ul>\n<li>REWE Nideggen<\/li>\n<li>Aldi Nideggen<\/li>\n<li>Lidl Nideggen<\/li>\n<li>Action Nideggen<\/li>\n<li>dm-Nideggen<\/li>\n<li>Burg-Apotheke<\/li>\n<li>Apotheke Am Markt<\/li>\n<li>Die Optik GmbH<\/li>\n<li>B\u00e4ckerei Dohmen am Markt<\/li>\n<li>B\u00e4cker Hallmanns<\/li>\n<li>B\u00e4ckerei Klein's (dans le REWE)<\/li>\n<li>Pirig Gartencenter<\/li>\n<\/ul>\n<\/div><\/div><\/div><div class=\"et_pb_column_2 et_pb_column et_pb_column_1_3 et-last-child et_block_column et_pb_css_mix_blend_mode_passthrough\"><div class=\"et_pb_image_0 et_pb_image et_pb_module et_block_module\"><span class=\"et_pb_image_wrap\"><img decoding=\"async\" src=\"https:\/\/staging.campingplatz-hetzingen.de\/wp-content\/uploads\/2025\/05\/supermarket-5202138_1280.jpg\" width=\"1280\" height=\"853\" srcset=\"https:\/\/staging.campingplatz-hetzingen.de\/wp-content\/uploads\/2025\/05\/supermarket-5202138_1280.jpg 1280w, https:\/\/staging.campingplatz-hetzingen.de\/wp-content\/uploads\/2025\/05\/supermarket-5202138_1280-980x653.jpg 980w, https:\/\/staging.campingplatz-hetzingen.de\/wp-content\/uploads\/2025\/05\/supermarket-5202138_1280-480x320.jpg 480w\" sizes=\"(min-width: 0px) and (max-width: 480px) 480px, (min-width: 481px) and (max-width: 980px) 980px, (min-width: 981px) 1280px, 100vw\" class=\"wp-image-249772\" title=\"Supermarket 5202138 1280\" alt=\"Faire du shopping \u00e0 Nideggen\" \/><\/span><\/div><div class=\"et_pb_image_1 et_pb_image et_pb_module et_block_module\"><span class=\"et_pb_image_wrap\"><img decoding=\"async\" src=\"https:\/\/staging.campingplatz-hetzingen.de\/wp-content\/uploads\/2025\/05\/purchasing-4981245_1280.jpg\" width=\"1280\" height=\"853\" srcset=\"https:\/\/staging.campingplatz-hetzingen.de\/wp-content\/uploads\/2025\/05\/purchasing-4981245_1280.jpg 1280w, https:\/\/staging.campingplatz-hetzingen.de\/wp-content\/uploads\/2025\/05\/purchasing-4981245_1280-980x653.jpg 980w, https:\/\/staging.campingplatz-hetzingen.de\/wp-content\/uploads\/2025\/05\/purchasing-4981245_1280-480x320.jpg 480w\" sizes=\"(min-width: 0px) and (max-width: 480px) 480px, (min-width: 481px) and (max-width: 980px) 980px, (min-width: 981px) 1280px, 100vw\" class=\"wp-image-249771\" title=\"Purchasing 4981245 1280\" alt=\"Faire du shopping \u00e0 Nideggen\" \/><\/span><\/div><\/div><\/div><\/div><div class=\"et_pb_section_2 et_pb_section et_section_regular et_block_section\"><div class=\"et_pb_row_1 et_pb_row et_block_row\"><div class=\"et_pb_column_3 et_pb_column et_pb_column_4_4 et-last-child et_block_column et_pb_css_mix_blend_mode_passthrough\"><div class=\"et_pb_text_3 et_pb_text et_pb_bg_layout_light et_pb_module et_block_module\"><div class=\"et_pb_text_inner\"><h2>Faire du shopping \u00e0 Nideggen et dans les environs<\/h2>\n<p>Bienvenue pour une exp\u00e9rience shopping inoubliable pendant ton s\u00e9jour au camping Hetzingen ! Entour\u00e9 par la <a href=\"https:\/\/staging.campingplatz-hetzingen.de\/fr\/destinations-dexcursion\/\">nature idyllique de l'Eifel<\/a> et \u00e0 deux pas de villes charmantes, la r\u00e9gion offre de nombreuses possibilit\u00e9s pour trouver tout ce dont tu as besoin, et peut-\u00eatre aussi un ou deux souvenirs sp\u00e9ciaux \u00e0 ramener chez toi. <\/p>\n<h3>Nideggen \u2013 Petite ville charmante et vari\u00e9e<\/h3>\n<p>Juste devant ta tente ou ton chalet se trouve Nideggen, une petite ville charmante qui propose une multitude de commerces. Tu y d\u00e9couvriras de petites boutiques, des magasins r\u00e9gionaux et des caf\u00e9s qui t'invitent \u00e0 faire une pause apr\u00e8s une longue s\u00e9ance de shopping. L'atmosph\u00e8re conviviale et le service personnalis\u00e9 des commer\u00e7ants locaux te feront te sentir imm\u00e9diatement \u00e0 l'aise. Visite la place du march\u00e9, o\u00f9 se tiennent r\u00e9guli\u00e8rement des march\u00e9s hebdomadaires. Des produits frais de producteurs locaux sont l\u00e0 pour r\u00e9galer tes papilles \u2013 en toute exclusivit\u00e9. Mais Kreuzau n'est pas loin non plus, o\u00f9 tu trouveras \u00e9galement une large gamme de commerces.     <\/p>\n<h3>Faire du shopping \u00e0 Nideggen : Tout pour les besoins quotidiens<\/h3>\n<p>Pour un approvisionnement rapide, tu trouveras \u00e0 Nideggen et dans les environs des supermarch\u00e9s, des boulangeries et des boucheries \u2013 id\u00e9al pour acheter des petits pains frais pour le petit-d\u00e9jeuner ou des ingr\u00e9dients pour le barbecue du soir. Pharmacies, marchands de journaux et petites quincailleries rendent \u00ab Faire du shopping \u00e0 Nideggen \u00bb particuli\u00e8rement simple. <strong>Si tu aimes les activit\u00e9s de plein air, tu trouveras ton bonheur dans les magasins de sport et de randonn\u00e9e :<\/strong> Des cartes de randonn\u00e9e aux v\u00eatements techniques, tout est l\u00e0 pour que ton aventure dans l'Eifel soit parfaitement \u00e9quip\u00e9e. <\/p>\n<h3>Produits r\u00e9gionaux et artisanaux<\/h3>\n<p><strong>Particuli\u00e8rement attrayant lors du shopping \u00e0 Nideggen :<\/strong> le choix de sp\u00e9cialit\u00e9s r\u00e9gionales. Fromage et charcuterie de l'Eifel, miel d'apiculteur, liqueurs, confitures et c\u00e9ramiques artisanales sont de beaux cadeaux \u00e0 rapporter. Dans de petits ateliers, tu trouveras \u00e9galement de l'artisanat, des cartes postales et de jolis articles de d\u00e9coration \u2013 parfaits comme souvenirs ou cadeaux.  <\/p>\n<h3>Conseils pour ta journ\u00e9e shopping<\/h3>\n<p><strong>Horaires d'ouverture :<\/strong> Dans les petites villes, les magasins peuvent fermer \u00e0 midi ou en d\u00e9but de soir\u00e9e. Pr\u00e9vois ta balade de pr\u00e9f\u00e9rence le matin ou en d\u00e9but d'apr\u00e8s-midi. <br \/><strong>Stationnement et mobilit\u00e9 :<\/strong> \u00c0 Nideggen, il y a des possibilit\u00e9s de stationnement centrales ; de nombreux endroits sont facilement accessibles \u00e0 pied. Si tu es sans voiture, utilise les liaisons de bus ou combine ta sortie avec une randonn\u00e9e. <br \/><strong>Acheter de mani\u00e8re durable :<\/strong> Prends un sac en tissu, essaie les produits en vrac et privil\u00e9gie les produits r\u00e9gionaux \u2013 ainsi tu soutiens les commerces locaux et tu pr\u00e9serves l'environnement.<br \/><strong>Alternative par mauvais temps :<\/strong> En cas de pluie, des caf\u00e9s confortables et de petits mus\u00e9es t'invitent \u00e0 faire une pause relaxante avant de continuer \u00e0 fl\u00e2ner.<\/p>\n<h3>D\u00fcren \u2013 Ville commer\u00e7ante pleine de charme<\/h3>\n<p>\u00c0 seulement quelques minutes en voiture de Nideggen, tu trouveras D\u00fcren, une ville r\u00e9put\u00e9e pour ses possibilit\u00e9s de shopping. Tu pourras y fl\u00e2ner \u00e0 loisir dans de grands magasins et centres commerciaux. De la mode \u00e0 l'\u00e9lectronique en passant par de jolis articles cadeaux \u2013 D\u00fcren a quelque chose \u00e0 offrir pour tous les go\u00fbts. Profite de l'occasion pour faire une pause dans l'un des nombreux caf\u00e9s et savourer la cuisine r\u00e9gionale. D\u00fcren propose \u00e9galement de nombreux \u00e9v\u00e9nements et march\u00e9s tout au long de l'ann\u00e9e, qui font du shopping une exp\u00e9rience particuli\u00e8re.    <\/p>\n<h3>Aix-la-Chapelle \u2013 Atmosph\u00e8re historique et boutiques modernes<\/h3>\n<p>Un autre joyau de la r\u00e9gion est Aix-la-Chapelle, connue pour son histoire. La vieille ville avec l'impressionnante cath\u00e9drale d'Aix-la-Chapelle invite \u00e0 la fl\u00e2nerie. En te promenant dans les ruelles historiques, d\u00e9couvre un m\u00e9lange de boutiques traditionnelles et de magasins modernes. Tu y trouveras de tout, des cr\u00e9ations artisanales aux marques connues. Laisse-toi tenter par les douceurs des Printen d'Aix-la-Chapelle et offre-toi un morceau de cette sp\u00e9cialit\u00e9 locale tout en profitant de l'atmosph\u00e8re particuli\u00e8re de la ville.    <\/p>\n<h3>Cologne \u2013 Ambiance de grande ville et diversit\u00e9<\/h3>\n<p>Et si tu souhaites voyager un peu plus loin, Cologne est accessible, une m\u00e9tropole dynamique r\u00e9put\u00e9e pour son offre shopping vari\u00e9e. La Schildergasse et la Hohe Stra\u00dfe sont le c\u0153ur du shopping, o\u00f9 grandes marques et petites boutiques t'invitent \u00e0 fl\u00e2ner. Cologne offre non seulement de la mode et des accessoires, mais aussi un choix quasi infini de restaurants et de caf\u00e9s qui te chouchouteront apr\u00e8s une longue journ\u00e9e de shopping. N'oublie pas de jeter un coup d'\u0153il au magnifique Rhin et de profiter de l'art de vivre rh\u00e9nan !   <\/p>\n<h3>Conseils pratiques pour faire du shopping \u00e0 Nideggen et dans les environs<\/h3>\n<p><strong>Moyens de paiement :<\/strong> Le paiement par carte est tr\u00e8s r\u00e9pandu, dans les tr\u00e8s petits commerces l'argent liquide peut \u00eatre pratique.<br \/><strong>Accessibilit\u00e9 :<\/strong> De nombreux magasins sont de plain-pied \u2013 en cas de doute, renseigne-toi \u00e0 l'avance, les commer\u00e7ants se feront un plaisir de t'aider.<br \/><strong>Avec des enfants :<\/strong> Les magasins de jouets et les librairies offrent de la vari\u00e9t\u00e9 ; les glaciers et les boulangeries sont des haltes id\u00e9ales.<br \/><strong>Plaisirs \u00e0 emporter :<\/strong> De nombreuses sp\u00e9cialit\u00e9s sont emball\u00e9es pour la conservation \u2013 parfait pour ramener l'ambiance de l'Eifel chez toi.<\/p>\n<h4>Conclusion<\/h4>\n<p>Que tu cherches des souvenirs \u00e9l\u00e9gants, des produits frais ou simplement quelque chose \u00e0 d\u00e9guster \u2013 la r\u00e9gion autour du camping Hetzingen a quelque chose \u00e0 offrir \u00e0 tous les amateurs de camping et de shopping. Profite de l'occasion pour explorer les villes environnantes et savoure la chaleureuse hospitalit\u00e9 des gens d'ici. Faire du shopping \u00e0 Nideggen combine courtes distances, conseil personnalis\u00e9 et v\u00e9ritable qualit\u00e9 de l'Eifel \u2013 nous te souhaitons beaucoup de plaisir \u00e0 fl\u00e2ner et des moments inoubliables dans l'Eifel !  <\/p>\n<\/div><\/div><\/div><\/div><\/div>\n","protected":false},"excerpt":{"rendered":"","protected":false},"author":1,"featured_media":0,"parent":0,"menu_order":0,"comment_status":"closed","ping_status":"closed","template":"","meta":{"_seopress_robots_primary_cat":"","_seopress_titles_title":"08 Faire du shopping \u00e0 Nideggen Kreuzau D\u00fcren Aix-la-Chapelle Cologne | Exclusif","_seopress_titles_desc":"Que ce soit des souvenirs, des v\u00eatements ou des produits alimentaires. Faire du shopping \u00e0 Nideggen et dans les environs est un plaisir. \u00c9galement \u00e0 D\u00fcren, Aix-la-Chapelle et Cologne.  ","_seopress_robots_index":"","_seopress_analysis_target_kw":"","footnotes":""},"class_list":["post-987504617","page","type-page","status-publish","hentry"],"_links":{"self":[{"href":"https:\/\/staging.campingplatz-hetzingen.de\/fr\/wp-json\/wp\/v2\/pages\/987504617","targetHints":{"allow":["GET"]}}],"collection":[{"href":"https:\/\/staging.campingplatz-hetzingen.de\/fr\/wp-json\/wp\/v2\/pages"}],"about":[{"href":"https:\/\/staging.campingplatz-hetzingen.de\/fr\/wp-json\/wp\/v2\/types\/page"}],"author":[{"embeddable":true,"href":"https:\/\/staging.campingplatz-hetzingen.de\/fr\/wp-json\/wp\/v2\/users\/1"}],"replies":[{"embeddable":true,"href":"https:\/\/staging.campingplatz-hetzingen.de\/fr\/wp-json\/wp\/v2\/comments?post=987504617"}],"version-history":[{"count":1,"href":"https:\/\/staging.campingplatz-hetzingen.de\/fr\/wp-json\/wp\/v2\/pages\/987504617\/revisions"}],"predecessor-version":[{"id":987504618,"href":"https:\/\/staging.campingplatz-hetzingen.de\/fr\/wp-json\/wp\/v2\/pages\/987504617\/revisions\/987504618"}],"wp:attachment":[{"href":"https:\/\/staging.campingplatz-hetzingen.de\/fr\/wp-json\/wp\/v2\/media?parent=987504617"}],"curies":[{"name":"wp","href":"https:\/\/api.w.org\/{rel}","templated":true}]}}