{"id":987504639,"date":"2025-10-09T08:37:05","date_gmt":"2025-10-09T06:37:05","guid":{"rendered":"https:\/\/staging.campingplatz-hetzingen.de\/langage-simple\/"},"modified":"2026-05-14T15:57:51","modified_gmt":"2026-05-14T13:57:51","slug":"langage-simple","status":"publish","type":"page","link":"https:\/\/staging.campingplatz-hetzingen.de\/fr\/langage-simple\/","title":{"rendered":"Langage simple"},"content":{"rendered":"\n<div class=\"et_pb_section_0 et_pb_section et_section_regular et_block_section\"><div class=\"et_pb_row_0 et_pb_row et_pb_equal_columns et_block_row\"><div class=\"et_pb_column_0 et_pb_column et_pb_column_4_4 et-last-child et_block_column et_pb_css_mix_blend_mode_passthrough\"><div class=\"et_pb_text_0 et_pb_text et_pb_bg_layout_light et_pb_module et_block_module\"><div class=\"et_pb_text_inner\"><p>Langage simple<\/p>\n<\/div><\/div><div class=\"et_pb_text_1 et_pb_text et_pb_bg_layout_light et_pb_module et_block_module\"><div class=\"et_pb_text_inner\"><h1>Camping Hetzingen \u2013 Ton camping dans l'Eifel<\/h1>\n<p>Bienvenue au <strong>Camping Hetzingen<\/strong> \u00e0 Nideggen.<br \/>Ici, tu passes tes vacances dans l'<strong>Eifel<\/strong>, directement au bord du <strong>Parc national de l'Eifel<\/strong> et de la <strong>Rur<\/strong>.<br \/>Chez nous, tu trouveras nature, calme et de nombreuses exp\u00e9riences. Nous parlons <strong>allemand, n\u00e9erlandais et anglais<\/strong> \u2013 et chez nous, tout le monde se tutoie <strong>(#GernePerDu)<\/strong>. <\/p>\n<h2>Situation : Au c\u0153ur de la nature et des exp\u00e9riences<\/h2>\n<p>Notre site est situ\u00e9 au bord de la rivi\u00e8re <strong>Rur<\/strong>. Tu es rapidement dans le <strong>Parc national de l'Eifel<\/strong>, sur les sentiers de randonn\u00e9e et les pistes cyclables. De belles destinations d'excursion, des plages de baignade et des thermes sont \u00e9galement facilement accessibles.  <\/p>\n<h2>Emplacements : Choisis ce qui te convient<\/h2>\n<p>Chez nous, il y a diff\u00e9rents <strong>types d'emplacements<\/strong>. Tu trouveras ainsi exactement ta place. <\/p>\n<ul>\n<li><strong>Emplacements standard<\/strong> : Pour tente, caravane ou camping-car.<\/li>\n<li><strong>Emplacements confort<\/strong> : Plus d'espace. G\u00e9n\u00e9ralement avec raccordement eau et \u00e9vacuation. <\/li>\n<li><strong>Emplacements Rur (Premium)<\/strong> : Directement au bord de la rivi\u00e8re. Enti\u00e8rement \u00e9quip\u00e9s. <\/li>\n<li><strong>Emplacements camping-car<\/strong> : Pour une arriv\u00e9e flexible.<\/li>\n<li><strong>Emplacements tente<\/strong> : De diff\u00e9rentes tailles.<br \/>Tous les emplacements sont parcell\u00e9s et disposent d'<strong>\u00e9lectricit\u00e9<\/strong>.<\/li>\n<\/ul>\n<h2>H\u00e9bergements locatifs : Arriver et se sentir bien<\/h2>\n<p>Tu fais du camping sans ton propre v\u00e9hicule ? Alors r\u00e9serve un <strong>h\u00e9bergement<\/strong> : <\/p>\n<ul>\n<li><strong>Chalets & Lodges<\/strong> : Confortables, souvent avec <strong>cuisine-salon<\/strong>, <strong>salle de bain<\/strong>, parfois <strong>lave-linge\/s\u00e8che-linge<\/strong>, terrasse \u2013 par exemple, le Chalet <strong>#1021<\/strong>, <strong>#1022<\/strong> ou le <strong>Rurufer-Lodge<\/strong> avec vue sur la Rur.<\/li>\n<li><strong>Mobil-homes<\/strong> : Pour couples, familles ou amis.<\/li>\n<li><strong>Caravanes<\/strong> : Pr\u00eates \u00e0 l'emploi et am\u00e9nag\u00e9es.<\/li>\n<li><strong>Tonneaux de camping<\/strong> : Particuli\u00e8rement proches de la nature, certains directement au bord de la rivi\u00e8re.<\/li>\n<li><strong>Tonnelle romantique<\/strong> : Petite, raffin\u00e9e, \u00e0 savourer \u00e0 deux.<br \/>De nombreux h\u00e9bergements disposent du <strong>Wi-Fi<\/strong>, du <strong>chauffage<\/strong>, de la <strong>t\u00e9l\u00e9vision<\/strong>, d'une <strong>cuisine<\/strong> ou d'une <strong>kitchenette<\/strong>. Dans certains, les <strong>chiens sont autoris\u00e9s<\/strong>. <\/li>\n<\/ul>\n<h2>Sanitaires : Propres, modernes et accessibles<\/h2>\n<p>La propret\u00e9 est importante pour nous. Les <strong>installations sanitaires<\/strong> sont <strong>nettoy\u00e9es quotidiennement<\/strong>.<br \/>Il y a deux b\u00e2timents avec <strong>acc\u00e8s sans obstacle<\/strong>, <strong>douche accessible<\/strong>, <strong>cuisines pour la vaisselle<\/strong>, <strong>espace b\u00e9b\u00e9<\/strong> et <strong>\u00e9limination des toilettes chimiques<\/strong>.<br \/>De plus, tu trouveras des <strong>possibilit\u00e9s de cuisson<\/strong>, une <strong>buanderie<\/strong> (via l'<strong>application WeWash<\/strong>) et un <strong>sauna<\/strong> avec <strong>salle de repos<\/strong> et <strong>vue sur le ch\u00e2teau de Nideggen<\/strong>. <\/p>\n<h2>\u00c9quipements & services : Tout ce dont tu as besoin<\/h2>\n<p>Nos \u00e9quipements sont constamment am\u00e9lior\u00e9s. Tu trouveras chez nous, entre autres : <\/p>\n<ul>\n<li><strong>Wi-Fi<\/strong> sur le site<\/li>\n<li><strong>Espace sauna<\/strong><\/li>\n<li>Offres pour <strong>s\u00e9jour, jeux, sport & loisirs<\/strong>, <strong>service<\/strong> et <strong>restauration<\/strong><br \/>S'il te manque quelque chose, dis-le nous \u2013 nous n'en serons que meilleurs.<\/li>\n<\/ul>\n<h2>Chiens : Bienvenus<\/h2>\n<p><strong>Les chiens sont les bienvenus chez nous.<\/strong> Merci de tenir ton chien <strong>en laisse<\/strong>. Il y a des zones pour les <strong>promenades<\/strong> et des conseils pour une bonne cohabitation. Les chiens sont autoris\u00e9s dans plusieurs h\u00e9bergements \u2013 c'est indiqu\u00e9 pour chacun.  <\/p>\n<h2>\u00c9v\u00e9nements & activit\u00e9s : Pour en vivre plus<\/h2>\n<p>Sur et autour du site, il y a des <strong>\u00e9v\u00e9nements<\/strong> pour petits et grands.<br \/>Un point fort : <strong>Pour certains \u00e9v\u00e9nements partenaires, nous prenons en charge les frais pour nos campeurs<\/strong> (inscription \u00e0 la r\u00e9ception n\u00e9cessaire). Nous collaborons avec des <strong>partenaires \u00e9v\u00e9nementiels<\/strong> locaux \u2013 par exemple, le <strong>parc animalier de Schmidt<\/strong>. <\/p>\n<h2>D\u00e9couvrir l'Eifel : De nombreuses destinations \u00e0 proximit\u00e9<\/h2>\n<p>Thermes, piscines, lacs, sentiers de randonn\u00e9e et plus encore \u2013 par exemple :<br \/><strong>Therme Euskirchen<\/strong>, <strong>Eifel-Therme Mechernich<\/strong>, <strong>Monte Mare Kreuzau<\/strong>, <strong>Rurbad D\u00fcren<\/strong>, <strong>plage de baignade Eschauel<\/strong> et de belles <strong>piscines ext\u00e9rieures<\/strong>. De chez nous, tu y es rapidement. <\/p>\n<h2>Application pour les h\u00f4tes : Tout sous contr\u00f4le<\/h2>\n<p>Avec l'<strong>application Hetzingen<\/strong>, tu as des infos, des conseils et des offres sur ton t\u00e9l\u00e9phone. Tu planifies ainsi ta journ\u00e9e encore plus facilement. <\/p>\n<h2>Juste & flexible : Notre mod\u00e8le de prix<\/h2>\n<p>Nos prix sont <strong>dynamiques<\/strong>. Ils s'adaptent \u00e0 la <strong>disponibilit\u00e9<\/strong> et \u00e0 la <strong>demande<\/strong> \u2013 parfois \u00e0 la hausse, parfois \u00e0 la baisse. Ainsi, les prix restent <strong>justes et actuels<\/strong>.  <\/p>\n<h2>Distinctions & \u00e9quipe<\/h2>\n<p>Nous avons d\u00e9j\u00e0 \u00e9t\u00e9 nomm\u00e9s <strong>\u00ab Camping le plus convivial d'Europe \u00bb<\/strong> sur la base des avis de nos h\u00f4tes. Derri\u00e8re le camping se trouve une <strong>\u00e9quipe d\u00e9vou\u00e9e autour de Kirsten et Gereon Diart<\/strong> (depuis le <strong>01.01.2020<\/strong>). <\/p>\n<h2>Voyager de mani\u00e8re durable<\/h2>\n<p>Aide-nous : <strong>Utilise le v\u00e9lo ou les transports en commun<\/strong>, respecte les <strong>r\u00e8gles dans les zones prot\u00e9g\u00e9es<\/strong> et <strong>compense le CO\u2082<\/strong> de ton arriv\u00e9e et de ton d\u00e9part. C'est ainsi que nous prot\u00e9geons ensemble la nature de l'Eifel. <\/p>\n<h2>Contact & acc\u00e8s<\/h2>\n<p><strong>Camping Hetzingen<\/strong><br \/>Campingweg 1, <strong>52385 Nideggen<\/strong><br \/>T\u00e9l\u00e9phone : <strong>+49 2427 508<\/strong> \u00b7 E-mail : <strong><a href=\"mailto:info@campingplatz-hetzingen.de\">info@campingplatz-hetzingen.de<\/a><\/strong><br \/>Le mieux est de <strong>r\u00e9server en ligne d\u00e8s maintenant<\/strong> et de t'assurer ta place pr\u00e9f\u00e9r\u00e9e.<\/p>\n<hr>\n<h3>Termes fr\u00e9quemment recherch\u00e9s (SEO)<\/h3>\n<p>Camping Eifel, Camping Nideggen, Camping Parc national de l'Eifel, Emplacement Eifel, Camping Rursee, Vacances en famille Eifel, Glamping Eifel, H\u00e9bergement locatif Eifel, Chalet Eifel, Mobil-home Eifel, Tonneau de camping Eifel, Camping avec chien Eifel, Camping accessible, Camping avec sauna, Camping Wi-Fi.<\/p>\n<\/div><\/div><\/div><\/div><div class=\"et_pb_row_1 et_pb_row et_block_row\"><div class=\"et_pb_column_1 et_pb_column et_pb_column_1_3 et_block_column et_pb_css_mix_blend_mode_passthrough\"><div class=\"et_pb_image_0 et_pb_image et_pb_module et_block_module\"><span class=\"et_pb_image_wrap\"><img alt=\"\" alt=\"\" decoding=\"async\" src=\"https:\/\/staging.campingplatz-hetzingen.de\/wp-content\/uploads\/2025\/05\/agentur-siegel-dark-horizontal-large.png\" width=\"1425\" height=\"600\" srcset=\"https:\/\/staging.campingplatz-hetzingen.de\/wp-content\/uploads\/2025\/05\/agentur-siegel-dark-horizontal-large.png 1425w, https:\/\/staging.campingplatz-hetzingen.de\/wp-content\/uploads\/2025\/05\/agentur-siegel-dark-horizontal-large-1280x539.png 1280w, https:\/\/staging.campingplatz-hetzingen.de\/wp-content\/uploads\/2025\/05\/agentur-siegel-dark-horizontal-large-980x413.png 980w, https:\/\/staging.campingplatz-hetzingen.de\/wp-content\/uploads\/2025\/05\/agentur-siegel-dark-horizontal-large-480x202.png 480w\" sizes=\"(min-width: 0px) and (max-width: 480px) 480px, (min-width: 481px) and (max-width: 980px) 980px, (min-width: 981px) and (max-width: 1280px) 1280px, (min-width: 1281px) 1425px, 100vw\" class=\"wp-image-249819\" title=\"agentur-siegel-dark-horizontal-large\" \/><\/span><\/div><\/div><div class=\"et_pb_column_2 et_pb_column et_pb_column_1_3 et_block_column et_pb_column_empty et_pb_css_mix_blend_mode_passthrough\"><\/div><div class=\"et_pb_column_3 et_pb_column et_pb_column_1_3 et-last-child et_block_column et_pb_column_empty et_pb_css_mix_blend_mode_passthrough\"><\/div><\/div><\/div>\n","protected":false},"excerpt":{"rendered":"","protected":false},"author":1,"featured_media":0,"parent":0,"menu_order":0,"comment_status":"closed","ping_status":"closed","template":"","meta":{"_seopress_robots_primary_cat":"","_seopress_titles_title":"","_seopress_titles_desc":"D\u00e9couvre le Camping Hetzingen dans l'Eifel : prix, avis & exp\u00e9rience nature pour tes vacances de camping inoubliables.","_seopress_robots_index":"","_seopress_analysis_target_kw":"","footnotes":""},"class_list":["post-987504639","page","type-page","status-publish","hentry"],"_links":{"self":[{"href":"https:\/\/staging.campingplatz-hetzingen.de\/fr\/wp-json\/wp\/v2\/pages\/987504639","targetHints":{"allow":["GET"]}}],"collection":[{"href":"https:\/\/staging.campingplatz-hetzingen.de\/fr\/wp-json\/wp\/v2\/pages"}],"about":[{"href":"https:\/\/staging.campingplatz-hetzingen.de\/fr\/wp-json\/wp\/v2\/types\/page"}],"author":[{"embeddable":true,"href":"https:\/\/staging.campingplatz-hetzingen.de\/fr\/wp-json\/wp\/v2\/users\/1"}],"replies":[{"embeddable":true,"href":"https:\/\/staging.campingplatz-hetzingen.de\/fr\/wp-json\/wp\/v2\/comments?post=987504639"}],"version-history":[{"count":1,"href":"https:\/\/staging.campingplatz-hetzingen.de\/fr\/wp-json\/wp\/v2\/pages\/987504639\/revisions"}],"predecessor-version":[{"id":987504640,"href":"https:\/\/staging.campingplatz-hetzingen.de\/fr\/wp-json\/wp\/v2\/pages\/987504639\/revisions\/987504640"}],"wp:attachment":[{"href":"https:\/\/staging.campingplatz-hetzingen.de\/fr\/wp-json\/wp\/v2\/media?parent=987504639"}],"curies":[{"name":"wp","href":"https:\/\/api.w.org\/{rel}","templated":true}]}}