{"id":987504649,"date":"2026-03-04T18:29:03","date_gmt":"2026-03-04T17:29:03","guid":{"rendered":"https:\/\/staging.campingplatz-hetzingen.de\/medias\/"},"modified":"2026-05-14T15:58:26","modified_gmt":"2026-05-14T13:58:26","slug":"medias","status":"publish","type":"page","link":"https:\/\/staging.campingplatz-hetzingen.de\/fr\/medias\/","title":{"rendered":"M\u00e9dias"},"content":{"rendered":"\n<div class=\"et_pb_section_0 et_pb_section et_pb_fullwidth_section et_section_regular et_block_section sfly_interior sfly_interior_hero_1\"><section class=\"et_pb_fullwidth_header_0 et_pb_fullwidth_header et_pb_bg_layout_dark et_pb_text_align_center et_pb_module et_flex_module sfly_fullwidth_header\"><div class=\"et_pb_fullwidth_header_container center\"><div class=\"header-content-container center\"><div class=\"header-content et_flex_module\"><h1 class=\"et_pb_module_header\">Le camping Hetzingen dans les m\u00e9dias<\/h1><div class=\"et_pb_header_content_wrapper\"><p>Camping 4 \u00e9toiles dans l\u2019Eifel<\/p>\n<\/div><div class=\"et_pb_header_button_wrapper\"><\/div><\/div><\/div><\/div><div class=\"et_pb_fullwidth_header_overlay\"><\/div><div class=\"et_pb_fullwidth_header_scroll\"><\/div><\/section><\/div><div class=\"et_pb_section_1 et_pb_section et_section_regular et_block_section\"><div class=\"et_pb_row_0 et_pb_row et_block_row\"><div class=\"et_pb_column_0 et_pb_column et_pb_column_1_2 et_block_column et_pb_css_mix_blend_mode_passthrough\"><div class=\"et_pb_heading_0 et_pb_heading et_pb_module et_block_module\"><div class=\"et_pb_heading_container\"><h2 class=\"et_pb_module_header\">Envie de voyager plut\u00f4t que routine quotidienne :<\/h2><\/div><\/div><div class=\"et_pb_text_0 et_pb_text et_pb_bg_layout_light et_pb_module et_block_module\"><div class=\"et_pb_text_inner\"><p><strong>Ton guide du campeur | Camping-car, Vanlife & emplacements<\/strong><br \/>Bienvenue chez <strong>Tanja et Marco<\/strong> \u2013 ta cha\u00eene pour les voyages en camping-car, les conseils vanlife et tout ce qui touche \u00e0 la vie de campeur ! Que tu sois un campeur exp\u00e9riment\u00e9 ou que tu envisages tout juste ton premier camping-car, tu trouveras chez nous des avis honn\u00eates, des astuces pr\u00e9cieuses et de l\u2019inspiration pour ta prochaine aventure en plein air. <\/p>\n<\/div><\/div><div class=\"et_pb_text_1 et_pb_text et_pb_bg_layout_light et_pb_module et_block_module\"><div class=\"et_pb_text_inner\"><p>Merci beaucoup chers Tanja et Marco pour votre visite, l\u2019interview et la vid\u00e9o !<\/p>\n<\/div><\/div><\/div><div class=\"et_pb_column_1 et_pb_column et_pb_column_1_2 et-last-child et_block_column et_pb_css_mix_blend_mode_passthrough\"><div class=\"et_pb_image_0 et_pb_image et_pb_module et_block_module\"><a href=\"https:\/\/youtu.be\/PISrS6Qf0qU?si=kEd5lHXvH66AxrM1\" target=\"_blank\"><span class=\"et_pb_image_wrap\"><img decoding=\"async\" src=\"https:\/\/staging.campingplatz-hetzingen.de\/wp-content\/uploads\/2026\/03\/Reiselust-statt-Alltagsfrust-01.jpg\" width=\"1200\" height=\"675\" srcset=\"https:\/\/staging.campingplatz-hetzingen.de\/wp-content\/uploads\/2026\/03\/Reiselust-statt-Alltagsfrust-01.jpg 1200w, https:\/\/staging.campingplatz-hetzingen.de\/wp-content\/uploads\/2026\/03\/Reiselust-statt-Alltagsfrust-01-980x551.jpg 980w, https:\/\/staging.campingplatz-hetzingen.de\/wp-content\/uploads\/2026\/03\/Reiselust-statt-Alltagsfrust-01-480x270.jpg 480w\" sizes=\"(min-width: 0px) and (max-width: 480px) 480px, (min-width: 481px) and (max-width: 980px) 980px, (min-width: 981px) 1200px, 100vw\" class=\"wp-image-987503727\" title=\"Reiselust Statt Alltagsfrust 01\" alt=\"Reiselust Statt Alltagsfrust 01\" \/><\/span><\/a><\/div><\/div><\/div><\/div><div class=\"et_pb_section_2 et_pb_section et_section_regular et_block_section\"><div class=\"et_pb_row_1 et_pb_row et_block_row\"><div class=\"et_pb_column_2 et_pb_column et_pb_column_1_2 et_block_column et_pb_css_mix_blend_mode_passthrough\"><div class=\"et_pb_heading_1 et_pb_heading et_pb_module et_block_module\"><div class=\"et_pb_heading_container\"><h2 class=\"et_pb_module_header\">CAMPER4EVER :<\/h2><\/div><\/div><div class=\"et_pb_text_2 et_pb_text et_pb_bg_layout_light et_pb_module et_block_module\"><div class=\"et_pb_text_inner\"><p>Nous avons visit\u00e9 ce terrain le temps d\u2019un week-end pour le tournage d\u2019une vid\u00e9o. <\/p>\n<p>Nous avons rencontr\u00e9 Kirsten et Gereon au Camper Camp. L\u2019Eifel est r\u00e9put\u00e9e et n\u2019est pas si loin. Nous devions donc y aller et nous en avons profit\u00e9 pour tourner une vid\u00e9o. La visite en vaut la peine. Mais regarde par toi-m\u00eame.     <\/p>\n<\/div><\/div><div class=\"et_pb_text_3 et_pb_text et_pb_bg_layout_light et_pb_module et_block_module\"><div class=\"et_pb_text_inner\"><p>Merci beaucoup ch\u00e8re Nicole et cher Kai pour votre visite, l\u2019interview et la vid\u00e9o !<\/p>\n<\/div><\/div><\/div><div class=\"et_pb_column_3 et_pb_column et_pb_column_1_2 et-last-child et_block_column et_pb_css_mix_blend_mode_passthrough\"><div class=\"et_pb_image_1 et_pb_image et_pb_module et_block_module\"><a href=\"https:\/\/youtu.be\/5r8bxQefzf0?si=ojmiNf8I-ymhovzq\" target=\"_blank\"><span class=\"et_pb_image_wrap\"><img decoding=\"async\" src=\"https:\/\/staging.campingplatz-hetzingen.de\/wp-content\/uploads\/2026\/03\/camper4ever_idyllischer-Platz.jpg\" width=\"1200\" height=\"675\" srcset=\"https:\/\/staging.campingplatz-hetzingen.de\/wp-content\/uploads\/2026\/03\/camper4ever_idyllischer-Platz.jpg 1200w, https:\/\/staging.campingplatz-hetzingen.de\/wp-content\/uploads\/2026\/03\/camper4ever_idyllischer-Platz-980x551.jpg 980w, https:\/\/staging.campingplatz-hetzingen.de\/wp-content\/uploads\/2026\/03\/camper4ever_idyllischer-Platz-480x270.jpg 480w\" sizes=\"(min-width: 0px) and (max-width: 480px) 480px, (min-width: 481px) and (max-width: 980px) 980px, (min-width: 981px) 1200px, 100vw\" class=\"wp-image-987503750\" title=\"Camper4ever Un lieu idyllique\" alt=\"Camper4ever Un lieu idyllique\" \/><\/span><\/a><\/div><\/div><\/div><\/div>\n","protected":false},"excerpt":{"rendered":"","protected":false},"author":1,"featured_media":0,"parent":0,"menu_order":0,"comment_status":"closed","ping_status":"closed","template":"","meta":{"_seopress_robots_primary_cat":"","_seopress_titles_title":"","_seopress_titles_desc":"","_seopress_robots_index":"","_seopress_analysis_target_kw":"","footnotes":""},"class_list":["post-987504649","page","type-page","status-publish","hentry"],"_links":{"self":[{"href":"https:\/\/staging.campingplatz-hetzingen.de\/fr\/wp-json\/wp\/v2\/pages\/987504649","targetHints":{"allow":["GET"]}}],"collection":[{"href":"https:\/\/staging.campingplatz-hetzingen.de\/fr\/wp-json\/wp\/v2\/pages"}],"about":[{"href":"https:\/\/staging.campingplatz-hetzingen.de\/fr\/wp-json\/wp\/v2\/types\/page"}],"author":[{"embeddable":true,"href":"https:\/\/staging.campingplatz-hetzingen.de\/fr\/wp-json\/wp\/v2\/users\/1"}],"replies":[{"embeddable":true,"href":"https:\/\/staging.campingplatz-hetzingen.de\/fr\/wp-json\/wp\/v2\/comments?post=987504649"}],"version-history":[{"count":1,"href":"https:\/\/staging.campingplatz-hetzingen.de\/fr\/wp-json\/wp\/v2\/pages\/987504649\/revisions"}],"predecessor-version":[{"id":987504650,"href":"https:\/\/staging.campingplatz-hetzingen.de\/fr\/wp-json\/wp\/v2\/pages\/987504649\/revisions\/987504650"}],"wp:attachment":[{"href":"https:\/\/staging.campingplatz-hetzingen.de\/fr\/wp-json\/wp\/v2\/media?parent=987504649"}],"curies":[{"name":"wp","href":"https:\/\/api.w.org\/{rel}","templated":true}]}}