{"id":987505406,"date":"2025-09-09T13:44:42","date_gmt":"2025-09-09T11:44:42","guid":{"rendered":"https:\/\/staging.campingplatz-hetzingen.de\/partenaires-devenements\/"},"modified":"2026-05-14T16:21:34","modified_gmt":"2026-05-14T14:21:34","slug":"partenaires-devenements","status":"publish","type":"page","link":"https:\/\/staging.campingplatz-hetzingen.de\/fr\/partenaires-devenements\/","title":{"rendered":"Partenaires d\u2019\u00e9v\u00e9nements"},"content":{"rendered":"\n<div class=\"et_pb_section_0 et_pb_section et_pb_fullwidth_section et_section_regular et_block_section sfly_interior sfly_interior_hero_1\"><section class=\"et_pb_fullwidth_header_0 et_pb_fullwidth_header et_pb_bg_layout_dark et_pb_text_align_center et_pb_module et_flex_module sfly_fullwidth_header\"><div class=\"et_pb_fullwidth_header_container center\"><div class=\"header-content-container center\"><div class=\"header-content et_flex_module\"><h1 class=\"et_pb_module_header\">Partenaires d\u2019\u00e9v\u00e9nements du camping Hetzingen<\/h1><div class=\"et_pb_header_content_wrapper\"><p>Camping 4 \u00e9toiles dans l\u2019Eifel<\/p>\n<\/div><div class=\"et_pb_header_button_wrapper\"><\/div><\/div><\/div><\/div><div class=\"et_pb_fullwidth_header_overlay\"><\/div><div class=\"et_pb_fullwidth_header_scroll\"><\/div><\/section><\/div><div class=\"et_pb_section_1 et_pb_section et_section_regular et_block_section\"><div class=\"et_pb_row_0 et_pb_row et_block_row\"><div class=\"et_pb_column_0 et_pb_column et_pb_column_4_4 et-last-child et_block_column et_pb_css_mix_blend_mode_passthrough\"><div class=\"et_pb_text_0 et_pb_text et_pb_bg_layout_light et_pb_module et_block_module\"><div class=\"et_pb_text_inner\"><h2>Des partenaires avec lesquels nous aimons beaucoup travailler.<\/h2>\n<\/div><\/div><\/div><\/div><\/div><div class=\"et_pb_section_2 et_pb_section et_section_regular et_block_section sfly_general sfly_general_8\"><div class=\"et_pb_row_1 et_pb_row et_pb_equal_columns et_pb_gutters1 et_block_row et_pb_row_fullwidth\"><div class=\"et_pb_column_1 et_pb_column et_pb_column_1_2 et_block_column et_pb_css_mix_blend_mode_passthrough column1\"><div class=\"et_pb_divider_0 et_pb_divider et_pb_space et_pb_divider_position_top et_pb_module divider_spacer\"><div class=\"et_pb_divider_internal\"><\/div><\/div><\/div><div class=\"et_pb_column_2 et_pb_column et_pb_column_1_2 et-last-child et_block_column et_pb_css_mix_blend_mode_passthrough column2\"><div class=\"et_pb_text_1 et_pb_text et_pb_bg_layout_light et_pb_module et_block_module\"><div class=\"et_pb_text_inner\"><h2>Parc animalier de Schmidt<\/h2>\n<p>Situ\u00e9 directement au parc national de l\u2019Eifel, le parc animalier abrite des animaux sauvages locaux, des esp\u00e8ces domestiques et d\u2019\u00e9levage apprivois\u00e9es, ainsi qu\u2019une flore pr\u00e9serv\u00e9e naturellement.<\/p>\n<p>Balade en tracteur dans le parc, \u00eatre soigneur animalier le temps d\u2019une journ\u00e9e, randonn\u00e9e avec un rapace ou aventure en for\u00eat : les offres pour les anniversaires d\u2019enfants et pendant les vacances scolaires sont tout simplement un vrai plaisir\u2026 animal !<\/p>\n<\/div><\/div><div class=\"et_pb_module et_pb_button_module_wrapper et_pb_button_0_wrapper\"><a class=\"et_pb_button_0 et_pb_button et_pb_bg_layout_light et_pb_module et_block_module\" href=\"https:\/\/wildpark-schmidt.de\/\" target=\"_blank\">Vers le site web<\/a><\/div><\/div><\/div><div class=\"et_pb_row_2 et_pb_row et_pb_equal_columns et_pb_gutters1 et_block_row et_pb_row_fullwidth\"><div class=\"et_pb_column_3 et_pb_column et_pb_column_1_2 et_block_column et_pb_css_mix_blend_mode_passthrough column2\"><div class=\"et_pb_text_2 et_pb_text et_pb_bg_layout_light et_pb_module et_block_module\"><div class=\"et_pb_text_inner\"><h2>FTB-Adventures Nideggen<\/h2>\n<p>FTB-Adventures signifie \u00ab Find The Beyond \u00bb, autrement dit \u00ab Trouve ce qu\u2019il y a derri\u00e8re \u00bb. Sois curieux du monde et d\u00e9couvre nos offres. Laisse-toi inspirer et passionner pour la nature et les activit\u00e9s outdoor.  <\/p>\n<\/div><\/div><div class=\"et_pb_module et_pb_button_module_wrapper et_pb_button_1_wrapper\"><a class=\"et_pb_button_1 et_pb_button et_pb_bg_layout_light et_pb_module et_block_module\" href=\"http:\/\/www.ftb-adventures.de\/\" target=\"_blank\">Vers le site web<\/a><\/div><\/div><div class=\"et_pb_column_4 et_pb_column et_pb_column_1_2 et-last-child et_block_column et_pb_css_mix_blend_mode_passthrough column1\"><div class=\"et_pb_divider_1 et_pb_divider et_pb_space et_pb_divider_position_top et_pb_module divider_spacer\"><div class=\"et_pb_divider_internal\"><\/div><\/div><\/div><\/div><\/div><div class=\"et_pb_section_3 et_pb_section et_section_regular et_block_section sfly_general sfly_general_8\"><div class=\"et_pb_row_3 et_pb_row et_pb_equal_columns et_pb_gutters1 et_block_row et_pb_row_fullwidth\"><div class=\"et_pb_column_5 et_pb_column et_pb_column_1_2 et_block_column et_pb_css_mix_blend_mode_passthrough column1\"><div class=\"et_pb_divider_2 et_pb_divider et_pb_space et_pb_divider_position_top et_pb_module divider_spacer\"><div class=\"et_pb_divider_internal\"><\/div><\/div><\/div><div class=\"et_pb_column_6 et_pb_column et_pb_column_1_2 et-last-child et_block_column et_pb_css_mix_blend_mode_passthrough column2\"><div class=\"et_pb_text_3 et_pb_text et_pb_bg_layout_light et_pb_module et_block_module\"><div class=\"et_pb_text_inner\"><h2>Anne Knein \u2013 randonn\u00e9es avec des alpagas<\/h2>\n<p>Tu as la possibilit\u00e9 de faire une randonn\u00e9e avec mes doux<br \/>\nhabitants des Andes et, au passage, d\u2019apprendre plein de choses int\u00e9ressantes sur ces merveilleux animaux.<\/p>\n<\/div><\/div><div class=\"et_pb_module et_pb_button_module_wrapper et_pb_button_2_wrapper\"><a class=\"et_pb_button_2 et_pb_button et_pb_bg_layout_light et_pb_module et_block_module\" href=\"https:\/\/alpaka-nideggen.de\/\" target=\"_blank\">Vers le site web<\/a><\/div><\/div><\/div><div class=\"et_pb_row_4 et_pb_row et_pb_equal_columns et_pb_gutters1 et_block_row et_pb_row_fullwidth\"><div class=\"et_pb_column_7 et_pb_column et_pb_column_1_2 et_block_column et_pb_css_mix_blend_mode_passthrough column2\"><div class=\"et_pb_text_4 et_pb_text et_pb_bg_layout_light et_pb_module et_block_module\"><div class=\"et_pb_text_inner\"><h2>Vogelsang IP \u2013 place internationale dans le parc national de l\u2019Eifel<\/h2>\n<p>Autrefois \u00ab Ordensburg \u00bb nazie, sc\u00e8ne d\u2019autopromotion du national-socialisme m\u00e9prisant l\u2019\u00eatre humain, Vogelsang IP est aujourd\u2019hui un lieu d\u2019exposition, de nature et d\u2019\u00e9ducation, vari\u00e9 et familial, au c\u0153ur du parc national de l\u2019Eifel. Une visite \u00e0 Vogelsang IP vaut toujours le d\u00e9tour \u2013 365 jours par an.<br \/>\n(Photo : Vogelsang IP\/Dominik Ketz)<\/p>\n<\/div><\/div><div class=\"et_pb_module et_pb_button_module_wrapper et_pb_button_3_wrapper\"><a class=\"et_pb_button_3 et_pb_button et_pb_bg_layout_light et_pb_module et_block_module\" href=\"https:\/\/vogelsang-ip.de\/de\/\" target=\"_blank\">Vers le site web<\/a><\/div><\/div><div class=\"et_pb_column_8 et_pb_column et_pb_column_1_2 et-last-child et_block_column et_pb_css_mix_blend_mode_passthrough column1\"><div class=\"et_pb_divider_3 et_pb_divider et_pb_space et_pb_divider_position_top et_pb_module divider_spacer\"><div class=\"et_pb_divider_internal\"><\/div><\/div><\/div><\/div><\/div>\n","protected":false},"excerpt":{"rendered":"","protected":false},"author":1,"featured_media":0,"parent":0,"menu_order":0,"comment_status":"closed","ping_status":"closed","template":"","meta":{"_seopress_robots_primary_cat":"","_seopress_titles_title":"","_seopress_titles_desc":"Profitez de vacances en famille au Camping Eifel pr\u00e8s de Nideggen. Campings au top, parc animalier & exp\u00e9riences nature dans le parc national. Renseigne-toi d\u00e8s maintenant !  ","_seopress_robots_index":"","_seopress_analysis_target_kw":"","footnotes":""},"class_list":["post-987505406","page","type-page","status-publish","hentry"],"_links":{"self":[{"href":"https:\/\/staging.campingplatz-hetzingen.de\/fr\/wp-json\/wp\/v2\/pages\/987505406","targetHints":{"allow":["GET"]}}],"collection":[{"href":"https:\/\/staging.campingplatz-hetzingen.de\/fr\/wp-json\/wp\/v2\/pages"}],"about":[{"href":"https:\/\/staging.campingplatz-hetzingen.de\/fr\/wp-json\/wp\/v2\/types\/page"}],"author":[{"embeddable":true,"href":"https:\/\/staging.campingplatz-hetzingen.de\/fr\/wp-json\/wp\/v2\/users\/1"}],"replies":[{"embeddable":true,"href":"https:\/\/staging.campingplatz-hetzingen.de\/fr\/wp-json\/wp\/v2\/comments?post=987505406"}],"version-history":[{"count":1,"href":"https:\/\/staging.campingplatz-hetzingen.de\/fr\/wp-json\/wp\/v2\/pages\/987505406\/revisions"}],"predecessor-version":[{"id":987505408,"href":"https:\/\/staging.campingplatz-hetzingen.de\/fr\/wp-json\/wp\/v2\/pages\/987505406\/revisions\/987505408"}],"wp:attachment":[{"href":"https:\/\/staging.campingplatz-hetzingen.de\/fr\/wp-json\/wp\/v2\/media?parent=987505406"}],"curies":[{"name":"wp","href":"https:\/\/api.w.org\/{rel}","templated":true}]}}